{"id":789,"date":"2019-01-22T15:19:19","date_gmt":"2019-01-22T14:19:19","guid":{"rendered":"https:\/\/www.pivotpartner.dk\/?page_id=789"},"modified":"2026-02-25T07:35:04","modified_gmt":"2026-02-25T06:35:04","slug":"bookkeeping-hilleroed","status":"publish","type":"page","link":"https:\/\/pivotpartner.dk\/en\/bookkeeping-hilleroed\/","title":{"rendered":"Bookkeeping Hiller\u00f8d"},"content":{"rendered":"","protected":false},"excerpt":{"rendered":"","protected":false},"author":1,"featured_media":0,"parent":0,"menu_order":0,"comment_status":"closed","ping_status":"closed","template":"","meta":{"editor_notices":[],"footnotes":""},"class_list":["post-789","page","type-page","status-publish","hentry"],"acf":[],"yoast_head":"<!-- This site is optimized with the Yoast SEO plugin v22.8 - https:\/\/yoast.com\/wordpress\/plugins\/seo\/ -->\n<title>Bookkeeper in Hiller\u00f8d | Professional Bookkeeper &amp; Accounting Firm<\/title>\n<meta name=\"description\" content=\"Do you need a bookkeeper in Hiller\u00f8d? Pivot Partner is ready to help with financial advice &amp; bookkeeping in Hiller\u00f8d | Contact your bookkeeper\" \/>\n<meta name=\"robots\" content=\"index, follow, max-snippet:-1, max-image-preview:large, max-video-preview:-1\" \/>\n<link rel=\"canonical\" href=\"https:\/\/pivotpartner.dk\/en\/bookkeeping-hilleroed\/\" \/>\n<meta property=\"og:locale\" content=\"da_DK\" \/>\n<meta property=\"og:type\" content=\"article\" \/>\n<meta property=\"og:title\" content=\"Bookkeeper in Hiller\u00f8d | Professional Bookkeeper &amp; Accounting Firm\" \/>\n<meta property=\"og:description\" content=\"Do you need a bookkeeper in Hiller\u00f8d? Pivot Partner is ready to help with financial advice &amp; bookkeeping in Hiller\u00f8d | Contact your bookkeeper\" \/>\n<meta property=\"og:url\" content=\"https:\/\/pivotpartner.dk\/en\/bookkeeping-hilleroed\/\" \/>\n<meta property=\"og:site_name\" content=\"PIVOT PARTNER ApS EN\" \/>\n<meta property=\"article:modified_time\" content=\"2026-02-25T06:35:04+00:00\" \/>\n<meta name=\"twitter:card\" content=\"summary_large_image\" \/>\n<meta name=\"twitter:label1\" content=\"Estimeret l\u00e6setid\" \/>\n\t<meta name=\"twitter:data1\" content=\"4 minutter\" \/>\n<!-- \/ Yoast SEO plugin. -->","yoast_head_json":{"title":"Bookkeeper in Hiller\u00f8d | Professional Bookkeeper & Accounting Firm","description":"Do you need a bookkeeper in Hiller\u00f8d? Pivot Partner is ready to help with financial advice & bookkeeping in Hiller\u00f8d | Contact your bookkeeper","robots":{"index":"index","follow":"follow","max-snippet":"max-snippet:-1","max-image-preview":"max-image-preview:large","max-video-preview":"max-video-preview:-1"},"canonical":"https:\/\/pivotpartner.dk\/en\/bookkeeping-hilleroed\/","og_locale":"da_DK","og_type":"article","og_title":"Bookkeeper in Hiller\u00f8d | Professional Bookkeeper & Accounting Firm","og_description":"Do you need a bookkeeper in Hiller\u00f8d? Pivot Partner is ready to help with financial advice & bookkeeping in Hiller\u00f8d | Contact your bookkeeper","og_url":"https:\/\/pivotpartner.dk\/en\/bookkeeping-hilleroed\/","og_site_name":"PIVOT PARTNER ApS EN","article_modified_time":"2026-02-25T06:35:04+00:00","twitter_card":"summary_large_image","twitter_misc":{"Estimeret l\u00e6setid":"4 minutter"},"schema":{"@context":"https:\/\/schema.org","@graph":[{"@type":"WebPage","@id":"https:\/\/pivotpartner.dk\/en\/bookkeeping-hilleroed\/","url":"https:\/\/pivotpartner.dk\/en\/bookkeeping-hilleroed\/","name":"Bookkeeper in Hiller\u00f8d | Professional Bookkeeper & Accounting Firm","isPartOf":{"@id":"https:\/\/pivotpartner.dk\/en\/#website"},"datePublished":"2019-01-22T14:19:19+00:00","dateModified":"2026-02-25T06:35:04+00:00","description":"Do you need a bookkeeper in Hiller\u00f8d? Pivot Partner is ready to help with financial advice & bookkeeping in Hiller\u00f8d | Contact your bookkeeper","breadcrumb":{"@id":"https:\/\/pivotpartner.dk\/en\/bookkeeping-hilleroed\/#breadcrumb"},"inLanguage":"da-DK","potentialAction":[{"@type":"ReadAction","target":["https:\/\/pivotpartner.dk\/en\/bookkeeping-hilleroed\/"]}]},{"@type":"BreadcrumbList","@id":"https:\/\/pivotpartner.dk\/en\/bookkeeping-hilleroed\/#breadcrumb","itemListElement":[{"@type":"ListItem","position":1,"name":"Hjem","item":"https:\/\/pivotpartner.dk\/en\/"},{"@type":"ListItem","position":2,"name":"Bookkeeping Hiller\u00f8d"}]},{"@type":"WebSite","@id":"https:\/\/pivotpartner.dk\/en\/#website","url":"https:\/\/pivotpartner.dk\/en\/","name":"PIVOT PARTNER ApS EN","description":"","potentialAction":[{"@type":"SearchAction","target":{"@type":"EntryPoint","urlTemplate":"https:\/\/pivotpartner.dk\/en\/?s={search_term_string}"},"query-input":"required name=search_term_string"}],"inLanguage":"da-DK"}]}},"_links":{"self":[{"href":"https:\/\/pivotpartner.dk\/en\/wp-json\/wp\/v2\/pages\/789","targetHints":{"allow":["GET"]}}],"collection":[{"href":"https:\/\/pivotpartner.dk\/en\/wp-json\/wp\/v2\/pages"}],"about":[{"href":"https:\/\/pivotpartner.dk\/en\/wp-json\/wp\/v2\/types\/page"}],"author":[{"embeddable":true,"href":"https:\/\/pivotpartner.dk\/en\/wp-json\/wp\/v2\/users\/1"}],"replies":[{"embeddable":true,"href":"https:\/\/pivotpartner.dk\/en\/wp-json\/wp\/v2\/comments?post=789"}],"version-history":[{"count":8,"href":"https:\/\/pivotpartner.dk\/en\/wp-json\/wp\/v2\/pages\/789\/revisions"}],"predecessor-version":[{"id":2697,"href":"https:\/\/pivotpartner.dk\/en\/wp-json\/wp\/v2\/pages\/789\/revisions\/2697"}],"wp:attachment":[{"href":"https:\/\/pivotpartner.dk\/en\/wp-json\/wp\/v2\/media?parent=789"}],"curies":[{"name":"wp","href":"https:\/\/api.w.org\/{rel}","templated":true}]}}