{"id":888,"date":"2019-01-24T16:14:48","date_gmt":"2019-01-24T15:14:48","guid":{"rendered":"https:\/\/www.pivotpartner.dk\/?page_id=888"},"modified":"2026-02-25T09:28:56","modified_gmt":"2026-02-25T08:28:56","slug":"freie-berufe","status":"publish","type":"page","link":"https:\/\/pivotpartner.dk\/de\/freie-berufe\/","title":{"rendered":"Freie Berufe"},"content":{"rendered":"<h2>Kontakt<\/h2>\n<p>Ben\u00f6tigen Sie Hilfe bei der Buchhaltung, der Belegverwaltung oder der Berichterstattung in Ihrem freien Beruf? Kontaktieren Sie uns f\u00fcr ein unverbindliches Gespr\u00e4ch und finden Sie heraus, wie wir f\u00fcr Sie etwas bewegen k\u00f6nnen.<\/p>\n<p>Rufen Sie uns an unter <strong><a href=\"tel:48 48 57 57\">48 48 57 57<\/a><\/strong> oder f\u00fcllen Sie das Kontaktformular auf dieser Seite aus und wir werden uns in K\u00fcrze bei Ihnen melden.<\/p>\n","protected":false},"excerpt":{"rendered":"<p>Kontakt Ben\u00f6tigen Sie Hilfe bei der Buchhaltung, der Belegverwaltung oder der Berichterstattung in Ihrem freien Beruf? Kontaktieren Sie uns f\u00fcr&#8230;<\/p>\n","protected":false},"author":1,"featured_media":0,"parent":0,"menu_order":0,"comment_status":"closed","ping_status":"closed","template":"","meta":{"editor_notices":[],"footnotes":""},"class_list":["post-888","page","type-page","status-publish","hentry"],"acf":[],"yoast_head":"<!-- This site is optimized with the Yoast SEO plugin v22.8 - https:\/\/yoast.com\/wordpress\/plugins\/seo\/ -->\n<title>Buchhaltung f\u00fcr Fachleute | Kontakt Pivot Partner<\/title>\n<meta name=\"description\" content=\"Hilfe bei Buchhaltung, Belegen &amp; Reporting in den freien Berufen | Pivot Partner sichert GDPR, Digitalisierung &amp; Beratung f\u00fcr Ihr Unternehmen | Kontakt\" \/>\n<meta name=\"robots\" content=\"index, follow, max-snippet:-1, max-image-preview:large, max-video-preview:-1\" \/>\n<link rel=\"canonical\" href=\"https:\/\/pivotpartner.dk\/de\/freie-berufe\/\" \/>\n<meta property=\"og:locale\" content=\"da_DK\" \/>\n<meta property=\"og:type\" content=\"article\" \/>\n<meta property=\"og:title\" content=\"Buchhaltung f\u00fcr Fachleute | Kontakt Pivot Partner\" \/>\n<meta property=\"og:description\" content=\"Hilfe bei Buchhaltung, Belegen &amp; Reporting in den freien Berufen | Pivot Partner sichert GDPR, Digitalisierung &amp; Beratung f\u00fcr Ihr Unternehmen | Kontakt\" \/>\n<meta property=\"og:url\" content=\"https:\/\/pivotpartner.dk\/de\/freie-berufe\/\" \/>\n<meta property=\"og:site_name\" content=\"PIVOT PARTNER ApS DE\" \/>\n<meta property=\"article:modified_time\" content=\"2026-02-25T08:28:56+00:00\" \/>\n<meta name=\"twitter:card\" content=\"summary_large_image\" \/>\n<meta name=\"twitter:label1\" content=\"Estimeret l\u00e6setid\" \/>\n\t<meta name=\"twitter:data1\" content=\"7 minutter\" \/>\n<!-- \/ Yoast SEO plugin. -->","yoast_head_json":{"title":"Buchhaltung f\u00fcr Fachleute | Kontakt Pivot Partner","description":"Hilfe bei Buchhaltung, Belegen & Reporting in den freien Berufen | Pivot Partner sichert GDPR, Digitalisierung & Beratung f\u00fcr Ihr Unternehmen | Kontakt","robots":{"index":"index","follow":"follow","max-snippet":"max-snippet:-1","max-image-preview":"max-image-preview:large","max-video-preview":"max-video-preview:-1"},"canonical":"https:\/\/pivotpartner.dk\/de\/freie-berufe\/","og_locale":"da_DK","og_type":"article","og_title":"Buchhaltung f\u00fcr Fachleute | Kontakt Pivot Partner","og_description":"Hilfe bei Buchhaltung, Belegen & Reporting in den freien Berufen | Pivot Partner sichert GDPR, Digitalisierung & Beratung f\u00fcr Ihr Unternehmen | Kontakt","og_url":"https:\/\/pivotpartner.dk\/de\/freie-berufe\/","og_site_name":"PIVOT PARTNER ApS DE","article_modified_time":"2026-02-25T08:28:56+00:00","twitter_card":"summary_large_image","twitter_misc":{"Estimeret l\u00e6setid":"7 minutter"},"schema":{"@context":"https:\/\/schema.org","@graph":[{"@type":"WebPage","@id":"https:\/\/pivotpartner.dk\/de\/freie-berufe\/","url":"https:\/\/pivotpartner.dk\/de\/freie-berufe\/","name":"Buchhaltung f\u00fcr Fachleute | Kontakt Pivot Partner","isPartOf":{"@id":"https:\/\/pivotpartner.dk\/de\/#website"},"datePublished":"2019-01-24T15:14:48+00:00","dateModified":"2026-02-25T08:28:56+00:00","description":"Hilfe bei Buchhaltung, Belegen & Reporting in den freien Berufen | Pivot Partner sichert GDPR, Digitalisierung & Beratung f\u00fcr Ihr Unternehmen | Kontakt","breadcrumb":{"@id":"https:\/\/pivotpartner.dk\/de\/freie-berufe\/#breadcrumb"},"inLanguage":"da-DK","potentialAction":[{"@type":"ReadAction","target":["https:\/\/pivotpartner.dk\/de\/freie-berufe\/"]}]},{"@type":"BreadcrumbList","@id":"https:\/\/pivotpartner.dk\/de\/freie-berufe\/#breadcrumb","itemListElement":[{"@type":"ListItem","position":1,"name":"Hjem","item":"https:\/\/pivotpartner.dk\/de\/"},{"@type":"ListItem","position":2,"name":"Freie Berufe"}]},{"@type":"WebSite","@id":"https:\/\/pivotpartner.dk\/de\/#website","url":"https:\/\/pivotpartner.dk\/de\/","name":"PIVOT PARTNER ApS DE","description":"","potentialAction":[{"@type":"SearchAction","target":{"@type":"EntryPoint","urlTemplate":"https:\/\/pivotpartner.dk\/de\/?s={search_term_string}"},"query-input":"required name=search_term_string"}],"inLanguage":"da-DK"}]}},"_links":{"self":[{"href":"https:\/\/pivotpartner.dk\/de\/wp-json\/wp\/v2\/pages\/888","targetHints":{"allow":["GET"]}}],"collection":[{"href":"https:\/\/pivotpartner.dk\/de\/wp-json\/wp\/v2\/pages"}],"about":[{"href":"https:\/\/pivotpartner.dk\/de\/wp-json\/wp\/v2\/types\/page"}],"author":[{"embeddable":true,"href":"https:\/\/pivotpartner.dk\/de\/wp-json\/wp\/v2\/users\/1"}],"replies":[{"embeddable":true,"href":"https:\/\/pivotpartner.dk\/de\/wp-json\/wp\/v2\/comments?post=888"}],"version-history":[{"count":6,"href":"https:\/\/pivotpartner.dk\/de\/wp-json\/wp\/v2\/pages\/888\/revisions"}],"predecessor-version":[{"id":2732,"href":"https:\/\/pivotpartner.dk\/de\/wp-json\/wp\/v2\/pages\/888\/revisions\/2732"}],"wp:attachment":[{"href":"https:\/\/pivotpartner.dk\/de\/wp-json\/wp\/v2\/media?parent=888"}],"curies":[{"name":"wp","href":"https:\/\/api.w.org\/{rel}","templated":true}]}}