{"id":883,"date":"2019-01-24T16:11:53","date_gmt":"2019-01-24T15:11:53","guid":{"rendered":"https:\/\/www.pivotpartner.dk\/?page_id=883"},"modified":"2026-02-25T08:39:34","modified_gmt":"2026-02-25T07:39:34","slug":"hotel-geschaft-und-gastronomie","status":"publish","type":"page","link":"https:\/\/pivotpartner.dk\/de\/hotel-geschaft-und-gastronomie\/","title":{"rendered":"Hotel, Gesch\u00e4ft und Gastronomie"},"content":{"rendered":"","protected":false},"excerpt":{"rendered":"","protected":false},"author":1,"featured_media":0,"parent":0,"menu_order":0,"comment_status":"closed","ping_status":"closed","template":"","meta":{"editor_notices":[],"footnotes":""},"class_list":["post-883","page","type-page","status-publish","hentry"],"acf":[],"yoast_head":"<!-- This site is optimized with the Yoast SEO plugin v22.8 - https:\/\/yoast.com\/wordpress\/plugins\/seo\/ -->\n<title>Buchhaltung f\u00fcr Hotel, Einzelhandel und Gastronomie | Pivot Partner<\/title>\n<meta name=\"description\" content=\"\u00dcbernehmen Sie die Kontrolle \u00fcber Buchhaltung, Mehrwertsteuer und Gehaltsabrechnung im Gastgewerbe | Pivot Partner bietet Sparring, Systemintegration und Finanzmanagement | Kontaktieren Sie uns\" \/>\n<meta name=\"robots\" content=\"index, follow, max-snippet:-1, max-image-preview:large, max-video-preview:-1\" \/>\n<link rel=\"canonical\" href=\"https:\/\/pivotpartner.dk\/de\/hotel-geschaft-und-gastronomie\/\" \/>\n<meta property=\"og:locale\" content=\"da_DK\" \/>\n<meta property=\"og:type\" content=\"article\" \/>\n<meta property=\"og:title\" content=\"Buchhaltung f\u00fcr Hotel, Einzelhandel und Gastronomie | Pivot Partner\" \/>\n<meta property=\"og:description\" content=\"\u00dcbernehmen Sie die Kontrolle \u00fcber Buchhaltung, Mehrwertsteuer und Gehaltsabrechnung im Gastgewerbe | Pivot Partner bietet Sparring, Systemintegration und Finanzmanagement | Kontaktieren Sie uns\" \/>\n<meta property=\"og:url\" content=\"https:\/\/pivotpartner.dk\/de\/hotel-geschaft-und-gastronomie\/\" \/>\n<meta property=\"og:site_name\" content=\"PIVOT PARTNER ApS DE\" \/>\n<meta property=\"article:modified_time\" content=\"2026-02-25T07:39:34+00:00\" \/>\n<meta name=\"twitter:card\" content=\"summary_large_image\" \/>\n<meta name=\"twitter:label1\" content=\"Estimeret l\u00e6setid\" \/>\n\t<meta name=\"twitter:data1\" content=\"7 minutter\" \/>\n<!-- \/ Yoast SEO plugin. -->","yoast_head_json":{"title":"Buchhaltung f\u00fcr Hotel, Einzelhandel und Gastronomie | Pivot Partner","description":"\u00dcbernehmen Sie die Kontrolle \u00fcber Buchhaltung, Mehrwertsteuer und Gehaltsabrechnung im Gastgewerbe | Pivot Partner bietet Sparring, Systemintegration und Finanzmanagement | Kontaktieren Sie uns","robots":{"index":"index","follow":"follow","max-snippet":"max-snippet:-1","max-image-preview":"max-image-preview:large","max-video-preview":"max-video-preview:-1"},"canonical":"https:\/\/pivotpartner.dk\/de\/hotel-geschaft-und-gastronomie\/","og_locale":"da_DK","og_type":"article","og_title":"Buchhaltung f\u00fcr Hotel, Einzelhandel und Gastronomie | Pivot Partner","og_description":"\u00dcbernehmen Sie die Kontrolle \u00fcber Buchhaltung, Mehrwertsteuer und Gehaltsabrechnung im Gastgewerbe | Pivot Partner bietet Sparring, Systemintegration und Finanzmanagement | Kontaktieren Sie uns","og_url":"https:\/\/pivotpartner.dk\/de\/hotel-geschaft-und-gastronomie\/","og_site_name":"PIVOT PARTNER ApS DE","article_modified_time":"2026-02-25T07:39:34+00:00","twitter_card":"summary_large_image","twitter_misc":{"Estimeret l\u00e6setid":"7 minutter"},"schema":{"@context":"https:\/\/schema.org","@graph":[{"@type":"WebPage","@id":"https:\/\/pivotpartner.dk\/de\/hotel-geschaft-und-gastronomie\/","url":"https:\/\/pivotpartner.dk\/de\/hotel-geschaft-und-gastronomie\/","name":"Buchhaltung f\u00fcr Hotel, Einzelhandel und Gastronomie | Pivot Partner","isPartOf":{"@id":"https:\/\/pivotpartner.dk\/de\/#website"},"datePublished":"2019-01-24T15:11:53+00:00","dateModified":"2026-02-25T07:39:34+00:00","description":"\u00dcbernehmen Sie die Kontrolle \u00fcber Buchhaltung, Mehrwertsteuer und Gehaltsabrechnung im Gastgewerbe | Pivot Partner bietet Sparring, Systemintegration und Finanzmanagement | Kontaktieren Sie uns","breadcrumb":{"@id":"https:\/\/pivotpartner.dk\/de\/hotel-geschaft-und-gastronomie\/#breadcrumb"},"inLanguage":"da-DK","potentialAction":[{"@type":"ReadAction","target":["https:\/\/pivotpartner.dk\/de\/hotel-geschaft-und-gastronomie\/"]}]},{"@type":"BreadcrumbList","@id":"https:\/\/pivotpartner.dk\/de\/hotel-geschaft-und-gastronomie\/#breadcrumb","itemListElement":[{"@type":"ListItem","position":1,"name":"Hjem","item":"https:\/\/pivotpartner.dk\/de\/"},{"@type":"ListItem","position":2,"name":"Hotel, Gesch\u00e4ft und Gastronomie"}]},{"@type":"WebSite","@id":"https:\/\/pivotpartner.dk\/de\/#website","url":"https:\/\/pivotpartner.dk\/de\/","name":"PIVOT PARTNER ApS DE","description":"","potentialAction":[{"@type":"SearchAction","target":{"@type":"EntryPoint","urlTemplate":"https:\/\/pivotpartner.dk\/de\/?s={search_term_string}"},"query-input":"required name=search_term_string"}],"inLanguage":"da-DK"}]}},"_links":{"self":[{"href":"https:\/\/pivotpartner.dk\/de\/wp-json\/wp\/v2\/pages\/883","targetHints":{"allow":["GET"]}}],"collection":[{"href":"https:\/\/pivotpartner.dk\/de\/wp-json\/wp\/v2\/pages"}],"about":[{"href":"https:\/\/pivotpartner.dk\/de\/wp-json\/wp\/v2\/types\/page"}],"author":[{"embeddable":true,"href":"https:\/\/pivotpartner.dk\/de\/wp-json\/wp\/v2\/users\/1"}],"replies":[{"embeddable":true,"href":"https:\/\/pivotpartner.dk\/de\/wp-json\/wp\/v2\/comments?post=883"}],"version-history":[{"count":7,"href":"https:\/\/pivotpartner.dk\/de\/wp-json\/wp\/v2\/pages\/883\/revisions"}],"predecessor-version":[{"id":2714,"href":"https:\/\/pivotpartner.dk\/de\/wp-json\/wp\/v2\/pages\/883\/revisions\/2714"}],"wp:attachment":[{"href":"https:\/\/pivotpartner.dk\/de\/wp-json\/wp\/v2\/media?parent=883"}],"curies":[{"name":"wp","href":"https:\/\/api.w.org\/{rel}","templated":true}]}}