{"id":826,"date":"2019-01-22T16:00:17","date_gmt":"2019-01-22T15:00:17","guid":{"rendered":"https:\/\/www.pivotpartner.dk\/?page_id=826"},"modified":"2025-11-21T10:00:02","modified_gmt":"2025-11-21T09:00:02","slug":"digitale-buchhaltung-buchhaltungs-und-rechnungswesenunternehmen-in-nordseeland","status":"publish","type":"page","link":"https:\/\/pivotpartner.dk\/de\/digitale-buchhaltung-buchhaltungs-und-rechnungswesenunternehmen-in-nordseeland\/","title":{"rendered":"Digitale Buchhaltung &#8211; Buchhaltungs- und Rechnungswesenunternehmen in Nordseeland"},"content":{"rendered":"<p>Wir von Pivot Partner sind spezialisiert auf kompetente Buchhaltungsberatung und digitale Buchhaltung, die sich sowohl an gro\u00dfe als auch an kleine Unternehmen richtet. Aufgrund unserer langj\u00e4hrigen Erfahrung kennen wir uns in vielen verschiedenen Branchen und Berufen aus und beraten Sie gerne bei der Optimierung und Verschlankung von Finanzprozessen. Als Kunde wird Ihnen zus\u00e4tzlich ein pers\u00f6nlicher Buchhalter\/Berater zugeteilt &#8211; f\u00fcr schnellen Service und kurze Wege.<\/p>\n<p>Holen Sie sich ein unverbindliches Angebot f\u00fcr professionelle Buchhaltungsberatung und digitale Buchhaltung unter <a href=\"tel:+4548485757\">48 48 57 57<\/a>. Sie k\u00f6nnen auch das Kontaktformular auf dieser Seite ausf\u00fcllen und wir werden uns bei Ihnen melden.<\/p>\n<h2>Erhalten Sie eine L\u00f6sung, die auf Ihr Unternehmen zugeschnitten ist<\/h2>\n<p>Wir von Pivot Partner bieten Ihnen ma\u00dfgeschneiderte L\u00f6sungen f\u00fcr Ihr Unternehmen. Im Laufe der Jahre haben wir viele verschiedene Arten von Aufgaben gel\u00f6st, was uns ein breites Kompetenzprofil verschafft hat. Im Bereich der Buchhaltungsberatung k\u00f6nnen wir unter anderem Folgendes anbieten:<\/p>\n<ul>\n<li>Buchhaltung<\/li>\n<li>Budgetierung<\/li>\n<li>Lohnbuchhaltung<\/li>\n<li>MwSt.-Buchhaltung<\/li>\n<li>Berichterstattung<\/li>\n<li>Verwaltung<\/li>\n<li>Verwaltung der Debitoren<\/li>\n<li>Kassenf\u00fchrung<\/li>\n<li>Nachkalkulationen<\/li>\n<li>Rechnungsstellung<\/li>\n<li>Verwaltung der Kreditorenbuchhaltung<\/li>\n<li>Bestandsverwaltung und -verfolgung<\/li>\n<li>Berichterstattung und Reporting<\/li>\n<li>Fall-Management<\/li>\n<li>Digitalisierung<\/li>\n<\/ul>\n<p>Dar\u00fcber hinaus k\u00f6nnen wir Ihnen auch in komplexeren Bereichen der Buchhaltungsberatung wie der Implementierung und Optimierung von Finanzsystemen sowie der Beratung und dem Sparring helfen und stehen Ihnen auch zur Verf\u00fcgung, wenn Sie einen Steuerberater f\u00fcr Ihre Buchhaltung suchen.<\/p>\n<p><a href=\"https:\/\/pivotpartner.dk\/de\/kontakt\/\">Sie suchen einen Buchhalter? Klicken Sie hier, um ein unverbindliches Angebot zu erhalten.<\/a><\/p>\n<h2>\u00dcberlassen Sie uns die digitale Buchhaltung Ihres Unternehmens<\/h2>\n<p>Mit unserer fachkundigen Beratung und digitalen Buchhaltung nehmen Sie sich die Zeit, die Sie bisher f\u00fcr die Finanzverwaltung Ihres Unternehmens aufgewendet haben. Zeit, die Sie stattdessen f\u00fcr die Kernleistungen und -kompetenzen Ihres Unternehmens nutzen k\u00f6nnen.<\/p>\n<p>Sollten Sie eine unparteiische Finanzberatung ben\u00f6tigen, k\u00f6nnen wir Ihnen unser Schwesterunternehmen <a href=\"http:\/\/www.finanshus.dk\" target=\"_blank\" rel=\"noopener\">Finanshuset<\/a> empfehlen.<\/p>\n<p>Holen Sie sich ein attraktives Angebot bei Pivot Partner &#8211; rufen Sie uns an unter <a href=\"tel:+4548485757\">48 48 57 57<\/a> oder f\u00fcllen Sie das Kontaktformular auf dieser Seite aus und wir werden uns so schnell wie m\u00f6glich bei Ihnen melden.<br \/>\nWir freuen uns darauf, von Ihnen zu h\u00f6ren.<\/p>\n<p><img loading=\"lazy\" decoding=\"async\" class=\"alignnone wp-image-1730 size-full\" src=\"https:\/\/pivotpartner.dk\/wp-content\/uploads\/2023\/07\/digital-1.jpg\" alt=\"\" width=\"640\" height=\"480\" srcset=\"https:\/\/pivotpartner.dk\/de\/wp-content\/uploads\/sites\/2\/2023\/07\/digital-1.jpg 640w, https:\/\/pivotpartner.dk\/de\/wp-content\/uploads\/sites\/2\/2023\/07\/digital-1-600x450.jpg 600w\" sizes=\"auto, (min-width: 1560px) 1560px, 100vw\" \/><\/p>\n","protected":false},"excerpt":{"rendered":"<p>Wir von Pivot Partner sind spezialisiert auf kompetente Buchhaltungsberatung und digitale Buchhaltung, die sich sowohl an gro\u00dfe als auch an&#8230;<\/p>\n","protected":false},"author":1,"featured_media":0,"parent":0,"menu_order":0,"comment_status":"closed","ping_status":"closed","template":"","meta":{"editor_notices":[],"footnotes":""},"class_list":["post-826","page","type-page","status-publish","hentry"],"acf":[],"yoast_head":"<!-- This site is optimized with the Yoast SEO plugin v22.8 - https:\/\/yoast.com\/wordpress\/plugins\/seo\/ -->\n<title>Professionelle digitale Buchhaltung in Nordseeland | Pivot Partner<\/title>\n<meta name=\"description\" content=\"Professionelle digitale Buchhaltung bei Pivot Partner \u2192 Jahresabschl\u00fcsse, Buchhaltung &amp; Beratung. | Sehen Sie hier unsere Dienstleistungen und buchen Sie einen Termin \u2192\" \/>\n<meta name=\"robots\" content=\"index, follow, max-snippet:-1, max-image-preview:large, max-video-preview:-1\" \/>\n<link rel=\"canonical\" href=\"https:\/\/pivotpartner.dk\/de\/digitale-buchhaltung-buchhaltungs-und-rechnungswesenunternehmen-in-nordseeland\/\" \/>\n<meta property=\"og:locale\" content=\"da_DK\" \/>\n<meta property=\"og:type\" content=\"article\" \/>\n<meta property=\"og:title\" content=\"Professionelle digitale Buchhaltung in Nordseeland | Pivot Partner\" \/>\n<meta property=\"og:description\" content=\"Professionelle digitale Buchhaltung bei Pivot Partner \u2192 Jahresabschl\u00fcsse, Buchhaltung &amp; Beratung. | Sehen Sie hier unsere Dienstleistungen und buchen Sie einen Termin \u2192\" \/>\n<meta property=\"og:url\" content=\"https:\/\/pivotpartner.dk\/de\/digitale-buchhaltung-buchhaltungs-und-rechnungswesenunternehmen-in-nordseeland\/\" \/>\n<meta property=\"og:site_name\" content=\"PIVOT PARTNER ApS DE\" \/>\n<meta property=\"article:modified_time\" content=\"2025-11-21T09:00:02+00:00\" \/>\n<meta property=\"og:image\" content=\"https:\/\/pivotpartner.dk\/wp-content\/uploads\/2023\/07\/digital-1.jpg\" \/>\n<meta name=\"twitter:card\" content=\"summary_large_image\" \/>\n<meta name=\"twitter:label1\" content=\"Estimeret l\u00e6setid\" \/>\n\t<meta name=\"twitter:data1\" content=\"3 minutter\" \/>\n<!-- \/ Yoast SEO plugin. -->","yoast_head_json":{"title":"Professionelle digitale Buchhaltung in Nordseeland | Pivot Partner","description":"Professionelle digitale Buchhaltung bei Pivot Partner \u2192 Jahresabschl\u00fcsse, Buchhaltung &amp; Beratung. | Sehen Sie hier unsere Dienstleistungen und buchen Sie einen Termin \u2192","robots":{"index":"index","follow":"follow","max-snippet":"max-snippet:-1","max-image-preview":"max-image-preview:large","max-video-preview":"max-video-preview:-1"},"canonical":"https:\/\/pivotpartner.dk\/de\/digitale-buchhaltung-buchhaltungs-und-rechnungswesenunternehmen-in-nordseeland\/","og_locale":"da_DK","og_type":"article","og_title":"Professionelle digitale Buchhaltung in Nordseeland | Pivot Partner","og_description":"Professionelle digitale Buchhaltung bei Pivot Partner \u2192 Jahresabschl\u00fcsse, Buchhaltung &amp; Beratung. | Sehen Sie hier unsere Dienstleistungen und buchen Sie einen Termin \u2192","og_url":"https:\/\/pivotpartner.dk\/de\/digitale-buchhaltung-buchhaltungs-und-rechnungswesenunternehmen-in-nordseeland\/","og_site_name":"PIVOT PARTNER ApS DE","article_modified_time":"2025-11-21T09:00:02+00:00","og_image":[{"url":"https:\/\/pivotpartner.dk\/wp-content\/uploads\/2023\/07\/digital-1.jpg"}],"twitter_card":"summary_large_image","twitter_misc":{"Estimeret l\u00e6setid":"3 minutter"},"schema":{"@context":"https:\/\/schema.org","@graph":[{"@type":"WebPage","@id":"https:\/\/pivotpartner.dk\/de\/digitale-buchhaltung-buchhaltungs-und-rechnungswesenunternehmen-in-nordseeland\/","url":"https:\/\/pivotpartner.dk\/de\/digitale-buchhaltung-buchhaltungs-und-rechnungswesenunternehmen-in-nordseeland\/","name":"Professionelle digitale Buchhaltung in Nordseeland | Pivot Partner","isPartOf":{"@id":"https:\/\/pivotpartner.dk\/de\/#website"},"primaryImageOfPage":{"@id":"https:\/\/pivotpartner.dk\/de\/digitale-buchhaltung-buchhaltungs-und-rechnungswesenunternehmen-in-nordseeland\/#primaryimage"},"image":{"@id":"https:\/\/pivotpartner.dk\/de\/digitale-buchhaltung-buchhaltungs-und-rechnungswesenunternehmen-in-nordseeland\/#primaryimage"},"thumbnailUrl":"https:\/\/pivotpartner.dk\/wp-content\/uploads\/2023\/07\/digital-1.jpg","datePublished":"2019-01-22T15:00:17+00:00","dateModified":"2025-11-21T09:00:02+00:00","description":"Professionelle digitale Buchhaltung bei Pivot Partner \u2192 Jahresabschl\u00fcsse, Buchhaltung &amp; Beratung. | Sehen Sie hier unsere Dienstleistungen und buchen Sie einen Termin \u2192","breadcrumb":{"@id":"https:\/\/pivotpartner.dk\/de\/digitale-buchhaltung-buchhaltungs-und-rechnungswesenunternehmen-in-nordseeland\/#breadcrumb"},"inLanguage":"da-DK","potentialAction":[{"@type":"ReadAction","target":["https:\/\/pivotpartner.dk\/de\/digitale-buchhaltung-buchhaltungs-und-rechnungswesenunternehmen-in-nordseeland\/"]}]},{"@type":"ImageObject","inLanguage":"da-DK","@id":"https:\/\/pivotpartner.dk\/de\/digitale-buchhaltung-buchhaltungs-und-rechnungswesenunternehmen-in-nordseeland\/#primaryimage","url":"https:\/\/pivotpartner.dk\/wp-content\/uploads\/2023\/07\/digital-1.jpg","contentUrl":"https:\/\/pivotpartner.dk\/wp-content\/uploads\/2023\/07\/digital-1.jpg"},{"@type":"BreadcrumbList","@id":"https:\/\/pivotpartner.dk\/de\/digitale-buchhaltung-buchhaltungs-und-rechnungswesenunternehmen-in-nordseeland\/#breadcrumb","itemListElement":[{"@type":"ListItem","position":1,"name":"Hjem","item":"https:\/\/pivotpartner.dk\/de\/"},{"@type":"ListItem","position":2,"name":"Digitale Buchhaltung &#8211; Buchhaltungs- und Rechnungswesenunternehmen in Nordseeland"}]},{"@type":"WebSite","@id":"https:\/\/pivotpartner.dk\/de\/#website","url":"https:\/\/pivotpartner.dk\/de\/","name":"PIVOT PARTNER ApS DE","description":"","potentialAction":[{"@type":"SearchAction","target":{"@type":"EntryPoint","urlTemplate":"https:\/\/pivotpartner.dk\/de\/?s={search_term_string}"},"query-input":"required name=search_term_string"}],"inLanguage":"da-DK"}]}},"_links":{"self":[{"href":"https:\/\/pivotpartner.dk\/de\/wp-json\/wp\/v2\/pages\/826","targetHints":{"allow":["GET"]}}],"collection":[{"href":"https:\/\/pivotpartner.dk\/de\/wp-json\/wp\/v2\/pages"}],"about":[{"href":"https:\/\/pivotpartner.dk\/de\/wp-json\/wp\/v2\/types\/page"}],"author":[{"embeddable":true,"href":"https:\/\/pivotpartner.dk\/de\/wp-json\/wp\/v2\/users\/1"}],"replies":[{"embeddable":true,"href":"https:\/\/pivotpartner.dk\/de\/wp-json\/wp\/v2\/comments?post=826"}],"version-history":[{"count":5,"href":"https:\/\/pivotpartner.dk\/de\/wp-json\/wp\/v2\/pages\/826\/revisions"}],"predecessor-version":[{"id":2324,"href":"https:\/\/pivotpartner.dk\/de\/wp-json\/wp\/v2\/pages\/826\/revisions\/2324"}],"wp:attachment":[{"href":"https:\/\/pivotpartner.dk\/de\/wp-json\/wp\/v2\/media?parent=826"}],"curies":[{"name":"wp","href":"https:\/\/api.w.org\/{rel}","templated":true}]}}