{"id":806,"date":"2019-01-22T15:37:51","date_gmt":"2019-01-22T14:37:51","guid":{"rendered":"https:\/\/www.pivotpartner.dk\/?page_id=806"},"modified":"2026-02-25T06:57:07","modified_gmt":"2026-02-25T05:57:07","slug":"buchhalter-birkeroed","status":"publish","type":"page","link":"https:\/\/pivotpartner.dk\/de\/buchhalter-birkeroed\/","title":{"rendered":"Buchhalter Birker\u00f8d"},"content":{"rendered":"","protected":false},"excerpt":{"rendered":"","protected":false},"author":1,"featured_media":0,"parent":0,"menu_order":0,"comment_status":"closed","ping_status":"closed","template":"","meta":{"editor_notices":[],"footnotes":""},"class_list":["post-806","page","type-page","status-publish","hentry"],"acf":[],"yoast_head":"\nBuchhalter in Birker\u00f8d | Professionelle Buchhaltung in Birker\u00f8d<\/title>\n<meta name=\"description\" content=\"Ein Buchhalter in Birker\u00f8d gibt Ihnen Zeit, sich auf die Kernkompetenzen Ihres Unternehmens zu konzentrieren \u2192 Pivot Partner ist Ihr Buchhalter in Birker\u00f8d mit Buchhaltungsexpertise\" \/>\n<meta name=\"robots\" content=\"index, follow, max-snippet:-1, max-image-preview:large, max-video-preview:-1\" \/>\n<link rel=\"canonical\" href=\"https:\/\/pivotpartner.dk\/de\/buchhalter-birkeroed\/\" \/>\n<meta property=\"og:locale\" content=\"da_DK\" \/>\n<meta property=\"og:type\" content=\"article\" \/>\n<meta property=\"og:title\" content=\"Buchhalter in Birker\u00f8d | Professionelle Buchhaltung in Birker\u00f8d\" \/>\n<meta property=\"og:description\" content=\"Ein Buchhalter in Birker\u00f8d gibt Ihnen Zeit, sich auf die Kernkompetenzen Ihres Unternehmens zu konzentrieren \u2192 Pivot Partner ist Ihr Buchhalter in Birker\u00f8d mit Buchhaltungsexpertise\" \/>\n<meta property=\"og:url\" content=\"https:\/\/pivotpartner.dk\/de\/buchhalter-birkeroed\/\" \/>\n<meta property=\"og:site_name\" content=\"PIVOT PARTNER ApS DE\" \/>\n<meta property=\"article:modified_time\" content=\"2026-02-25T05:57:07+00:00\" \/>\n<meta name=\"twitter:card\" content=\"summary_large_image\" \/>\n<meta name=\"twitter:label1\" content=\"Estimeret l\u00e6setid\" \/>\n\t<meta name=\"twitter:data1\" content=\"4 minutter\" \/>\n<!-- \/ Yoast SEO plugin. -->","yoast_head_json":{"title":"Buchhalter in Birker\u00f8d | Professionelle Buchhaltung in Birker\u00f8d","description":"Ein Buchhalter in Birker\u00f8d gibt Ihnen Zeit, sich auf die Kernkompetenzen Ihres Unternehmens zu konzentrieren \u2192 Pivot Partner ist Ihr Buchhalter in Birker\u00f8d mit Buchhaltungsexpertise","robots":{"index":"index","follow":"follow","max-snippet":"max-snippet:-1","max-image-preview":"max-image-preview:large","max-video-preview":"max-video-preview:-1"},"canonical":"https:\/\/pivotpartner.dk\/de\/buchhalter-birkeroed\/","og_locale":"da_DK","og_type":"article","og_title":"Buchhalter in Birker\u00f8d | Professionelle Buchhaltung in Birker\u00f8d","og_description":"Ein Buchhalter in Birker\u00f8d gibt Ihnen Zeit, sich auf die Kernkompetenzen Ihres Unternehmens zu konzentrieren \u2192 Pivot Partner ist Ihr Buchhalter in Birker\u00f8d mit Buchhaltungsexpertise","og_url":"https:\/\/pivotpartner.dk\/de\/buchhalter-birkeroed\/","og_site_name":"PIVOT PARTNER ApS DE","article_modified_time":"2026-02-25T05:57:07+00:00","twitter_card":"summary_large_image","twitter_misc":{"Estimeret l\u00e6setid":"4 minutter"},"schema":{"@context":"https:\/\/schema.org","@graph":[{"@type":"WebPage","@id":"https:\/\/pivotpartner.dk\/de\/buchhalter-birkeroed\/","url":"https:\/\/pivotpartner.dk\/de\/buchhalter-birkeroed\/","name":"Buchhalter in Birker\u00f8d | Professionelle Buchhaltung in Birker\u00f8d","isPartOf":{"@id":"https:\/\/pivotpartner.dk\/de\/#website"},"datePublished":"2019-01-22T14:37:51+00:00","dateModified":"2026-02-25T05:57:07+00:00","description":"Ein Buchhalter in Birker\u00f8d gibt Ihnen Zeit, sich auf die Kernkompetenzen Ihres Unternehmens zu konzentrieren \u2192 Pivot Partner ist Ihr Buchhalter in Birker\u00f8d mit Buchhaltungsexpertise","breadcrumb":{"@id":"https:\/\/pivotpartner.dk\/de\/buchhalter-birkeroed\/#breadcrumb"},"inLanguage":"da-DK","potentialAction":[{"@type":"ReadAction","target":["https:\/\/pivotpartner.dk\/de\/buchhalter-birkeroed\/"]}]},{"@type":"BreadcrumbList","@id":"https:\/\/pivotpartner.dk\/de\/buchhalter-birkeroed\/#breadcrumb","itemListElement":[{"@type":"ListItem","position":1,"name":"Hjem","item":"https:\/\/pivotpartner.dk\/de\/"},{"@type":"ListItem","position":2,"name":"Buchhalter Birker\u00f8d"}]},{"@type":"WebSite","@id":"https:\/\/pivotpartner.dk\/de\/#website","url":"https:\/\/pivotpartner.dk\/de\/","name":"PIVOT PARTNER ApS DE","description":"","potentialAction":[{"@type":"SearchAction","target":{"@type":"EntryPoint","urlTemplate":"https:\/\/pivotpartner.dk\/de\/?s={search_term_string}"},"query-input":"required name=search_term_string"}],"inLanguage":"da-DK"}]}},"_links":{"self":[{"href":"https:\/\/pivotpartner.dk\/de\/wp-json\/wp\/v2\/pages\/806","targetHints":{"allow":["GET"]}}],"collection":[{"href":"https:\/\/pivotpartner.dk\/de\/wp-json\/wp\/v2\/pages"}],"about":[{"href":"https:\/\/pivotpartner.dk\/de\/wp-json\/wp\/v2\/types\/page"}],"author":[{"embeddable":true,"href":"https:\/\/pivotpartner.dk\/de\/wp-json\/wp\/v2\/users\/1"}],"replies":[{"embeddable":true,"href":"https:\/\/pivotpartner.dk\/de\/wp-json\/wp\/v2\/comments?post=806"}],"version-history":[{"count":7,"href":"https:\/\/pivotpartner.dk\/de\/wp-json\/wp\/v2\/pages\/806\/revisions"}],"predecessor-version":[{"id":2641,"href":"https:\/\/pivotpartner.dk\/de\/wp-json\/wp\/v2\/pages\/806\/revisions\/2641"}],"wp:attachment":[{"href":"https:\/\/pivotpartner.dk\/de\/wp-json\/wp\/v2\/media?parent=806"}],"curies":[{"name":"wp","href":"https:\/\/api.w.org\/{rel}","templated":true}]}}