{"id":234,"date":"2016-05-10T11:28:00","date_gmt":"2016-05-10T11:28:00","guid":{"rendered":"http:\/\/outreach.designs.waimea.dk\/?page_id=234"},"modified":"2026-02-25T12:59:45","modified_gmt":"2026-02-25T11:59:45","slug":"uber-uns","status":"publish","type":"page","link":"https:\/\/pivotpartner.dk\/de\/uber-uns\/","title":{"rendered":"\u00dcber uns"},"content":{"rendered":"","protected":false},"excerpt":{"rendered":"","protected":false},"author":1,"featured_media":0,"parent":0,"menu_order":0,"comment_status":"closed","ping_status":"closed","template":"","meta":{"editor_notices":[],"footnotes":""},"class_list":["post-234","page","type-page","status-publish","hentry"],"acf":[],"yoast_head":"<!-- This site is optimized with the Yoast SEO plugin v22.8 - https:\/\/yoast.com\/wordpress\/plugins\/seo\/ -->\n<title>Pivot Partner - Nordseel\u00e4ndische Buchhalter und Wirtschaftspr\u00fcfungsgesellschaft<\/title>\n<meta name=\"description\" content=\"Bei Pivot Partner bieten wir Ihnen Unterst\u00fctzung bei der Buchhaltung und dem Rechnungswesen in Nordseeland. Wir helfen Ihnen bei der Buchhaltung, damit Sie sich auf das konzentrieren k\u00f6nnen, was Sie lieben!\" \/>\n<meta name=\"robots\" content=\"index, follow, max-snippet:-1, max-image-preview:large, max-video-preview:-1\" \/>\n<link rel=\"canonical\" href=\"https:\/\/pivotpartner.dk\/de\/uber-uns\/\" \/>\n<meta property=\"og:locale\" content=\"da_DK\" \/>\n<meta property=\"og:type\" content=\"article\" \/>\n<meta property=\"og:title\" content=\"Pivot Partner - Nordseel\u00e4ndische Buchhalter und Wirtschaftspr\u00fcfungsgesellschaft\" \/>\n<meta property=\"og:description\" content=\"Bei Pivot Partner bieten wir Ihnen Unterst\u00fctzung bei der Buchhaltung und dem Rechnungswesen in Nordseeland. Wir helfen Ihnen bei der Buchhaltung, damit Sie sich auf das konzentrieren k\u00f6nnen, was Sie lieben!\" \/>\n<meta property=\"og:url\" content=\"https:\/\/pivotpartner.dk\/de\/uber-uns\/\" \/>\n<meta property=\"og:site_name\" content=\"PIVOT PARTNER ApS DE\" \/>\n<meta property=\"article:modified_time\" content=\"2026-02-25T11:59:45+00:00\" \/>\n<meta name=\"twitter:card\" content=\"summary_large_image\" \/>\n<meta name=\"twitter:label1\" content=\"Estimeret l\u00e6setid\" \/>\n\t<meta name=\"twitter:data1\" content=\"4 minutter\" \/>\n<!-- \/ Yoast SEO plugin. -->","yoast_head_json":{"title":"Pivot Partner - Nordseel\u00e4ndische Buchhalter und Wirtschaftspr\u00fcfungsgesellschaft","description":"Bei Pivot Partner bieten wir Ihnen Unterst\u00fctzung bei der Buchhaltung und dem Rechnungswesen in Nordseeland. Wir helfen Ihnen bei der Buchhaltung, damit Sie sich auf das konzentrieren k\u00f6nnen, was Sie lieben!","robots":{"index":"index","follow":"follow","max-snippet":"max-snippet:-1","max-image-preview":"max-image-preview:large","max-video-preview":"max-video-preview:-1"},"canonical":"https:\/\/pivotpartner.dk\/de\/uber-uns\/","og_locale":"da_DK","og_type":"article","og_title":"Pivot Partner - Nordseel\u00e4ndische Buchhalter und Wirtschaftspr\u00fcfungsgesellschaft","og_description":"Bei Pivot Partner bieten wir Ihnen Unterst\u00fctzung bei der Buchhaltung und dem Rechnungswesen in Nordseeland. Wir helfen Ihnen bei der Buchhaltung, damit Sie sich auf das konzentrieren k\u00f6nnen, was Sie lieben!","og_url":"https:\/\/pivotpartner.dk\/de\/uber-uns\/","og_site_name":"PIVOT PARTNER ApS DE","article_modified_time":"2026-02-25T11:59:45+00:00","twitter_card":"summary_large_image","twitter_misc":{"Estimeret l\u00e6setid":"4 minutter"},"schema":{"@context":"https:\/\/schema.org","@graph":[{"@type":"WebPage","@id":"https:\/\/pivotpartner.dk\/de\/uber-uns\/","url":"https:\/\/pivotpartner.dk\/de\/uber-uns\/","name":"Pivot Partner - Nordseel\u00e4ndische Buchhalter und Wirtschaftspr\u00fcfungsgesellschaft","isPartOf":{"@id":"https:\/\/pivotpartner.dk\/de\/#website"},"datePublished":"2016-05-10T11:28:00+00:00","dateModified":"2026-02-25T11:59:45+00:00","description":"Bei Pivot Partner bieten wir Ihnen Unterst\u00fctzung bei der Buchhaltung und dem Rechnungswesen in Nordseeland. Wir helfen Ihnen bei der Buchhaltung, damit Sie sich auf das konzentrieren k\u00f6nnen, was Sie lieben!","breadcrumb":{"@id":"https:\/\/pivotpartner.dk\/de\/uber-uns\/#breadcrumb"},"inLanguage":"da-DK","potentialAction":[{"@type":"ReadAction","target":["https:\/\/pivotpartner.dk\/de\/uber-uns\/"]}]},{"@type":"BreadcrumbList","@id":"https:\/\/pivotpartner.dk\/de\/uber-uns\/#breadcrumb","itemListElement":[{"@type":"ListItem","position":1,"name":"Hjem","item":"https:\/\/pivotpartner.dk\/de\/"},{"@type":"ListItem","position":2,"name":"\u00dcber uns"}]},{"@type":"WebSite","@id":"https:\/\/pivotpartner.dk\/de\/#website","url":"https:\/\/pivotpartner.dk\/de\/","name":"PIVOT PARTNER ApS DE","description":"","potentialAction":[{"@type":"SearchAction","target":{"@type":"EntryPoint","urlTemplate":"https:\/\/pivotpartner.dk\/de\/?s={search_term_string}"},"query-input":"required name=search_term_string"}],"inLanguage":"da-DK"}]}},"_links":{"self":[{"href":"https:\/\/pivotpartner.dk\/de\/wp-json\/wp\/v2\/pages\/234","targetHints":{"allow":["GET"]}}],"collection":[{"href":"https:\/\/pivotpartner.dk\/de\/wp-json\/wp\/v2\/pages"}],"about":[{"href":"https:\/\/pivotpartner.dk\/de\/wp-json\/wp\/v2\/types\/page"}],"author":[{"embeddable":true,"href":"https:\/\/pivotpartner.dk\/de\/wp-json\/wp\/v2\/users\/1"}],"replies":[{"embeddable":true,"href":"https:\/\/pivotpartner.dk\/de\/wp-json\/wp\/v2\/comments?post=234"}],"version-history":[{"count":15,"href":"https:\/\/pivotpartner.dk\/de\/wp-json\/wp\/v2\/pages\/234\/revisions"}],"predecessor-version":[{"id":2796,"href":"https:\/\/pivotpartner.dk\/de\/wp-json\/wp\/v2\/pages\/234\/revisions\/2796"}],"wp:attachment":[{"href":"https:\/\/pivotpartner.dk\/de\/wp-json\/wp\/v2\/media?parent=234"}],"curies":[{"name":"wp","href":"https:\/\/api.w.org\/{rel}","templated":true}]}}