{"id":1664,"date":"2022-09-29T09:02:57","date_gmt":"2022-09-29T07:02:57","guid":{"rendered":"https:\/\/pivotpartner.dk\/?page_id=1664"},"modified":"2026-02-25T09:31:40","modified_gmt":"2026-02-25T08:31:40","slug":"neues-buchfuhrungsgesetz-2022-mit-anforderungen-an-die-digitale-buchfuhrung","status":"publish","type":"page","link":"https:\/\/pivotpartner.dk\/de\/neues-buchfuhrungsgesetz-2022-mit-anforderungen-an-die-digitale-buchfuhrung\/","title":{"rendered":"Neues Buchf\u00fchrungsgesetz 2022 mit Anforderungen an die digitale Buchf\u00fchrung"},"content":{"rendered":"","protected":false},"excerpt":{"rendered":"","protected":false},"author":1,"featured_media":0,"parent":0,"menu_order":0,"comment_status":"closed","ping_status":"closed","template":"","meta":{"editor_notices":[],"footnotes":""},"class_list":["post-1664","page","type-page","status-publish","hentry"],"acf":[],"yoast_head":"<!-- This site is optimized with the Yoast SEO plugin v22.8 - https:\/\/yoast.com\/wordpress\/plugins\/seo\/ -->\n<title>Accounting Act 2022 | Pivot Partner sind Experten f\u00fcr Buchhaltung<\/title>\n<meta name=\"description\" content=\"Neue Anforderungen an die Buchf\u00fchrung durch das Buchf\u00fchrungsgesetz 2022 | Wir haben das Wesentliche zusammengetragen, um Ihnen zu helfen, die neue Gesetzgebung zu verstehen | Kontaktieren Sie uns f\u00fcr eine Beratung\" \/>\n<meta name=\"robots\" content=\"index, follow, max-snippet:-1, max-image-preview:large, max-video-preview:-1\" \/>\n<link rel=\"canonical\" href=\"https:\/\/pivotpartner.dk\/de\/neues-buchfuhrungsgesetz-2022-mit-anforderungen-an-die-digitale-buchfuhrung\/\" \/>\n<meta property=\"og:locale\" content=\"da_DK\" \/>\n<meta property=\"og:type\" content=\"article\" \/>\n<meta property=\"og:title\" content=\"Accounting Act 2022 | Pivot Partner sind Experten f\u00fcr Buchhaltung\" \/>\n<meta property=\"og:description\" content=\"Neue Anforderungen an die Buchf\u00fchrung durch das Buchf\u00fchrungsgesetz 2022 | Wir haben das Wesentliche zusammengetragen, um Ihnen zu helfen, die neue Gesetzgebung zu verstehen | Kontaktieren Sie uns f\u00fcr eine Beratung\" \/>\n<meta property=\"og:url\" content=\"https:\/\/pivotpartner.dk\/de\/neues-buchfuhrungsgesetz-2022-mit-anforderungen-an-die-digitale-buchfuhrung\/\" \/>\n<meta property=\"og:site_name\" content=\"PIVOT PARTNER ApS DE\" \/>\n<meta property=\"article:modified_time\" content=\"2026-02-25T08:31:40+00:00\" \/>\n<meta name=\"twitter:card\" content=\"summary_large_image\" \/>\n<meta name=\"twitter:label1\" content=\"Estimeret l\u00e6setid\" \/>\n\t<meta name=\"twitter:data1\" content=\"5 minutter\" \/>\n<!-- \/ Yoast SEO plugin. -->","yoast_head_json":{"title":"Accounting Act 2022 | Pivot Partner sind Experten f\u00fcr Buchhaltung","description":"Neue Anforderungen an die Buchf\u00fchrung durch das Buchf\u00fchrungsgesetz 2022 | Wir haben das Wesentliche zusammengetragen, um Ihnen zu helfen, die neue Gesetzgebung zu verstehen | Kontaktieren Sie uns f\u00fcr eine Beratung","robots":{"index":"index","follow":"follow","max-snippet":"max-snippet:-1","max-image-preview":"max-image-preview:large","max-video-preview":"max-video-preview:-1"},"canonical":"https:\/\/pivotpartner.dk\/de\/neues-buchfuhrungsgesetz-2022-mit-anforderungen-an-die-digitale-buchfuhrung\/","og_locale":"da_DK","og_type":"article","og_title":"Accounting Act 2022 | Pivot Partner sind Experten f\u00fcr Buchhaltung","og_description":"Neue Anforderungen an die Buchf\u00fchrung durch das Buchf\u00fchrungsgesetz 2022 | Wir haben das Wesentliche zusammengetragen, um Ihnen zu helfen, die neue Gesetzgebung zu verstehen | Kontaktieren Sie uns f\u00fcr eine Beratung","og_url":"https:\/\/pivotpartner.dk\/de\/neues-buchfuhrungsgesetz-2022-mit-anforderungen-an-die-digitale-buchfuhrung\/","og_site_name":"PIVOT PARTNER ApS DE","article_modified_time":"2026-02-25T08:31:40+00:00","twitter_card":"summary_large_image","twitter_misc":{"Estimeret l\u00e6setid":"5 minutter"},"schema":{"@context":"https:\/\/schema.org","@graph":[{"@type":"WebPage","@id":"https:\/\/pivotpartner.dk\/de\/neues-buchfuhrungsgesetz-2022-mit-anforderungen-an-die-digitale-buchfuhrung\/","url":"https:\/\/pivotpartner.dk\/de\/neues-buchfuhrungsgesetz-2022-mit-anforderungen-an-die-digitale-buchfuhrung\/","name":"Accounting Act 2022 | Pivot Partner sind Experten f\u00fcr Buchhaltung","isPartOf":{"@id":"https:\/\/pivotpartner.dk\/de\/#website"},"datePublished":"2022-09-29T07:02:57+00:00","dateModified":"2026-02-25T08:31:40+00:00","description":"Neue Anforderungen an die Buchf\u00fchrung durch das Buchf\u00fchrungsgesetz 2022 | Wir haben das Wesentliche zusammengetragen, um Ihnen zu helfen, die neue Gesetzgebung zu verstehen | Kontaktieren Sie uns f\u00fcr eine Beratung","breadcrumb":{"@id":"https:\/\/pivotpartner.dk\/de\/neues-buchfuhrungsgesetz-2022-mit-anforderungen-an-die-digitale-buchfuhrung\/#breadcrumb"},"inLanguage":"da-DK","potentialAction":[{"@type":"ReadAction","target":["https:\/\/pivotpartner.dk\/de\/neues-buchfuhrungsgesetz-2022-mit-anforderungen-an-die-digitale-buchfuhrung\/"]}]},{"@type":"BreadcrumbList","@id":"https:\/\/pivotpartner.dk\/de\/neues-buchfuhrungsgesetz-2022-mit-anforderungen-an-die-digitale-buchfuhrung\/#breadcrumb","itemListElement":[{"@type":"ListItem","position":1,"name":"Hjem","item":"https:\/\/pivotpartner.dk\/de\/"},{"@type":"ListItem","position":2,"name":"Neues Buchf\u00fchrungsgesetz 2022 mit Anforderungen an die digitale Buchf\u00fchrung"}]},{"@type":"WebSite","@id":"https:\/\/pivotpartner.dk\/de\/#website","url":"https:\/\/pivotpartner.dk\/de\/","name":"PIVOT PARTNER ApS DE","description":"","potentialAction":[{"@type":"SearchAction","target":{"@type":"EntryPoint","urlTemplate":"https:\/\/pivotpartner.dk\/de\/?s={search_term_string}"},"query-input":"required name=search_term_string"}],"inLanguage":"da-DK"}]}},"_links":{"self":[{"href":"https:\/\/pivotpartner.dk\/de\/wp-json\/wp\/v2\/pages\/1664","targetHints":{"allow":["GET"]}}],"collection":[{"href":"https:\/\/pivotpartner.dk\/de\/wp-json\/wp\/v2\/pages"}],"about":[{"href":"https:\/\/pivotpartner.dk\/de\/wp-json\/wp\/v2\/types\/page"}],"author":[{"embeddable":true,"href":"https:\/\/pivotpartner.dk\/de\/wp-json\/wp\/v2\/users\/1"}],"replies":[{"embeddable":true,"href":"https:\/\/pivotpartner.dk\/de\/wp-json\/wp\/v2\/comments?post=1664"}],"version-history":[{"count":11,"href":"https:\/\/pivotpartner.dk\/de\/wp-json\/wp\/v2\/pages\/1664\/revisions"}],"predecessor-version":[{"id":2735,"href":"https:\/\/pivotpartner.dk\/de\/wp-json\/wp\/v2\/pages\/1664\/revisions\/2735"}],"wp:attachment":[{"href":"https:\/\/pivotpartner.dk\/de\/wp-json\/wp\/v2\/media?parent=1664"}],"curies":[{"name":"wp","href":"https:\/\/api.w.org\/{rel}","templated":true}]}}