{"id":1643,"date":"2022-02-01T09:24:47","date_gmt":"2022-02-01T08:24:47","guid":{"rendered":"https:\/\/pivotpartner.dk\/?page_id=1643"},"modified":"2026-02-25T07:24:47","modified_gmt":"2026-02-25T06:24:47","slug":"buchhalter-lyngby","status":"publish","type":"page","link":"https:\/\/pivotpartner.dk\/de\/buchhalter-lyngby\/","title":{"rendered":"Buchhalter Lyngby"},"content":{"rendered":"","protected":false},"excerpt":{"rendered":"","protected":false},"author":1,"featured_media":0,"parent":0,"menu_order":0,"comment_status":"closed","ping_status":"closed","template":"","meta":{"editor_notices":[],"footnotes":""},"class_list":["post-1643","page","type-page","status-publish","hentry"],"acf":[],"yoast_head":"\nBuchhalter in Lyngby | Buchhalter & Buchhaltungsunternehmen<\/title>\n<meta name=\"description\" content=\"Verschaffen Sie sich einen \u00dcberblick \u00fcber die Finanzen Ihres Unternehmens mit einem professionellen Buchhalter in Lyngby | Wir helfen sowohl gro\u00dfen als auch kleinen Unternehmen. | Lesen Sie hier \u2192\" \/>\n<meta name=\"robots\" content=\"index, follow, max-snippet:-1, max-image-preview:large, max-video-preview:-1\" \/>\n<link rel=\"canonical\" href=\"https:\/\/pivotpartner.dk\/de\/buchhalter-lyngby\/\" \/>\n<meta property=\"og:locale\" content=\"da_DK\" \/>\n<meta property=\"og:type\" content=\"article\" \/>\n<meta property=\"og:title\" content=\"Buchhalter in Lyngby | Buchhalter & Buchhaltungsunternehmen\" \/>\n<meta property=\"og:description\" content=\"Verschaffen Sie sich einen \u00dcberblick \u00fcber die Finanzen Ihres Unternehmens mit einem professionellen Buchhalter in Lyngby | Wir helfen sowohl gro\u00dfen als auch kleinen Unternehmen. | Lesen Sie hier \u2192\" \/>\n<meta property=\"og:url\" content=\"https:\/\/pivotpartner.dk\/de\/buchhalter-lyngby\/\" \/>\n<meta property=\"og:site_name\" content=\"PIVOT PARTNER ApS DE\" \/>\n<meta property=\"article:modified_time\" content=\"2026-02-25T06:24:47+00:00\" \/>\n<meta name=\"twitter:card\" content=\"summary_large_image\" \/>\n<meta name=\"twitter:label1\" content=\"Estimeret l\u00e6setid\" \/>\n\t<meta name=\"twitter:data1\" content=\"5 minutter\" \/>\n<!-- \/ Yoast SEO plugin. -->","yoast_head_json":{"title":"Buchhalter in Lyngby | Buchhalter & Buchhaltungsunternehmen","description":"Verschaffen Sie sich einen \u00dcberblick \u00fcber die Finanzen Ihres Unternehmens mit einem professionellen Buchhalter in Lyngby | Wir helfen sowohl gro\u00dfen als auch kleinen Unternehmen. | Lesen Sie hier \u2192","robots":{"index":"index","follow":"follow","max-snippet":"max-snippet:-1","max-image-preview":"max-image-preview:large","max-video-preview":"max-video-preview:-1"},"canonical":"https:\/\/pivotpartner.dk\/de\/buchhalter-lyngby\/","og_locale":"da_DK","og_type":"article","og_title":"Buchhalter in Lyngby | Buchhalter & Buchhaltungsunternehmen","og_description":"Verschaffen Sie sich einen \u00dcberblick \u00fcber die Finanzen Ihres Unternehmens mit einem professionellen Buchhalter in Lyngby | Wir helfen sowohl gro\u00dfen als auch kleinen Unternehmen. | Lesen Sie hier \u2192","og_url":"https:\/\/pivotpartner.dk\/de\/buchhalter-lyngby\/","og_site_name":"PIVOT PARTNER ApS DE","article_modified_time":"2026-02-25T06:24:47+00:00","twitter_card":"summary_large_image","twitter_misc":{"Estimeret l\u00e6setid":"5 minutter"},"schema":{"@context":"https:\/\/schema.org","@graph":[{"@type":"WebPage","@id":"https:\/\/pivotpartner.dk\/de\/buchhalter-lyngby\/","url":"https:\/\/pivotpartner.dk\/de\/buchhalter-lyngby\/","name":"Buchhalter in Lyngby | Buchhalter & Buchhaltungsunternehmen","isPartOf":{"@id":"https:\/\/pivotpartner.dk\/de\/#website"},"datePublished":"2022-02-01T08:24:47+00:00","dateModified":"2026-02-25T06:24:47+00:00","description":"Verschaffen Sie sich einen \u00dcberblick \u00fcber die Finanzen Ihres Unternehmens mit einem professionellen Buchhalter in Lyngby | Wir helfen sowohl gro\u00dfen als auch kleinen Unternehmen. | Lesen Sie hier \u2192","breadcrumb":{"@id":"https:\/\/pivotpartner.dk\/de\/buchhalter-lyngby\/#breadcrumb"},"inLanguage":"da-DK","potentialAction":[{"@type":"ReadAction","target":["https:\/\/pivotpartner.dk\/de\/buchhalter-lyngby\/"]}]},{"@type":"BreadcrumbList","@id":"https:\/\/pivotpartner.dk\/de\/buchhalter-lyngby\/#breadcrumb","itemListElement":[{"@type":"ListItem","position":1,"name":"Hjem","item":"https:\/\/pivotpartner.dk\/de\/"},{"@type":"ListItem","position":2,"name":"Buchhalter Lyngby"}]},{"@type":"WebSite","@id":"https:\/\/pivotpartner.dk\/de\/#website","url":"https:\/\/pivotpartner.dk\/de\/","name":"PIVOT PARTNER ApS DE","description":"","potentialAction":[{"@type":"SearchAction","target":{"@type":"EntryPoint","urlTemplate":"https:\/\/pivotpartner.dk\/de\/?s={search_term_string}"},"query-input":"required name=search_term_string"}],"inLanguage":"da-DK"}]}},"_links":{"self":[{"href":"https:\/\/pivotpartner.dk\/de\/wp-json\/wp\/v2\/pages\/1643","targetHints":{"allow":["GET"]}}],"collection":[{"href":"https:\/\/pivotpartner.dk\/de\/wp-json\/wp\/v2\/pages"}],"about":[{"href":"https:\/\/pivotpartner.dk\/de\/wp-json\/wp\/v2\/types\/page"}],"author":[{"embeddable":true,"href":"https:\/\/pivotpartner.dk\/de\/wp-json\/wp\/v2\/users\/1"}],"replies":[{"embeddable":true,"href":"https:\/\/pivotpartner.dk\/de\/wp-json\/wp\/v2\/comments?post=1643"}],"version-history":[{"count":8,"href":"https:\/\/pivotpartner.dk\/de\/wp-json\/wp\/v2\/pages\/1643\/revisions"}],"predecessor-version":[{"id":2674,"href":"https:\/\/pivotpartner.dk\/de\/wp-json\/wp\/v2\/pages\/1643\/revisions\/2674"}],"wp:attachment":[{"href":"https:\/\/pivotpartner.dk\/de\/wp-json\/wp\/v2\/media?parent=1643"}],"curies":[{"name":"wp","href":"https:\/\/api.w.org\/{rel}","templated":true}]}}