{"id":1244,"date":"2021-01-29T14:24:45","date_gmt":"2021-01-29T13:24:45","guid":{"rendered":"http:\/\/www.pivotpartner.dk\/?page_id=1244"},"modified":"2026-02-25T08:24:43","modified_gmt":"2026-02-25T07:24:43","slug":"freiberuflicher-leiter-der-buchhaltung","status":"publish","type":"page","link":"https:\/\/pivotpartner.dk\/de\/freiberuflicher-leiter-der-buchhaltung\/","title":{"rendered":"Freiberuflicher Leiter der Buchhaltung"},"content":{"rendered":"","protected":false},"excerpt":{"rendered":"","protected":false},"author":1,"featured_media":0,"parent":0,"menu_order":0,"comment_status":"closed","ping_status":"closed","template":"","meta":{"editor_notices":[],"footnotes":""},"class_list":["post-1244","page","type-page","status-publish","hentry"],"acf":[],"yoast_head":"<!-- This site is optimized with the Yoast SEO plugin v22.8 - https:\/\/yoast.com\/wordpress\/plugins\/seo\/ -->\n<title>Freelance Accounting Manager | Dringender Bedarf an einem Accounting Manager?<\/title>\n<meta name=\"description\" content=\"Holen Sie sich einen freiberuflichen Chefbuchhalter von Pivot Partner | Das Programm wird auf Ihre Bed\u00fcrfnisse zugeschnitten | Kontaktieren Sie uns f\u00fcr ein unverbindliches Angebot f\u00fcr einen freiberuflichen Chefbuchhalter\" \/>\n<meta name=\"robots\" content=\"index, follow, max-snippet:-1, max-image-preview:large, max-video-preview:-1\" \/>\n<link rel=\"canonical\" href=\"https:\/\/pivotpartner.dk\/de\/freiberuflicher-leiter-der-buchhaltung\/\" \/>\n<meta property=\"og:locale\" content=\"da_DK\" \/>\n<meta property=\"og:type\" content=\"article\" \/>\n<meta property=\"og:title\" content=\"Freelance Accounting Manager | Dringender Bedarf an einem Accounting Manager?\" \/>\n<meta property=\"og:description\" content=\"Holen Sie sich einen freiberuflichen Chefbuchhalter von Pivot Partner | Das Programm wird auf Ihre Bed\u00fcrfnisse zugeschnitten | Kontaktieren Sie uns f\u00fcr ein unverbindliches Angebot f\u00fcr einen freiberuflichen Chefbuchhalter\" \/>\n<meta property=\"og:url\" content=\"https:\/\/pivotpartner.dk\/de\/freiberuflicher-leiter-der-buchhaltung\/\" \/>\n<meta property=\"og:site_name\" content=\"PIVOT PARTNER ApS DE\" \/>\n<meta property=\"article:modified_time\" content=\"2026-02-25T07:24:43+00:00\" \/>\n<meta name=\"twitter:card\" content=\"summary_large_image\" \/>\n<meta name=\"twitter:label1\" content=\"Estimeret l\u00e6setid\" \/>\n\t<meta name=\"twitter:data1\" content=\"5 minutter\" \/>\n<!-- \/ Yoast SEO plugin. -->","yoast_head_json":{"title":"Freelance Accounting Manager | Dringender Bedarf an einem Accounting Manager?","description":"Holen Sie sich einen freiberuflichen Chefbuchhalter von Pivot Partner | Das Programm wird auf Ihre Bed\u00fcrfnisse zugeschnitten | Kontaktieren Sie uns f\u00fcr ein unverbindliches Angebot f\u00fcr einen freiberuflichen Chefbuchhalter","robots":{"index":"index","follow":"follow","max-snippet":"max-snippet:-1","max-image-preview":"max-image-preview:large","max-video-preview":"max-video-preview:-1"},"canonical":"https:\/\/pivotpartner.dk\/de\/freiberuflicher-leiter-der-buchhaltung\/","og_locale":"da_DK","og_type":"article","og_title":"Freelance Accounting Manager | Dringender Bedarf an einem Accounting Manager?","og_description":"Holen Sie sich einen freiberuflichen Chefbuchhalter von Pivot Partner | Das Programm wird auf Ihre Bed\u00fcrfnisse zugeschnitten | Kontaktieren Sie uns f\u00fcr ein unverbindliches Angebot f\u00fcr einen freiberuflichen Chefbuchhalter","og_url":"https:\/\/pivotpartner.dk\/de\/freiberuflicher-leiter-der-buchhaltung\/","og_site_name":"PIVOT PARTNER ApS DE","article_modified_time":"2026-02-25T07:24:43+00:00","twitter_card":"summary_large_image","twitter_misc":{"Estimeret l\u00e6setid":"5 minutter"},"schema":{"@context":"https:\/\/schema.org","@graph":[{"@type":"WebPage","@id":"https:\/\/pivotpartner.dk\/de\/freiberuflicher-leiter-der-buchhaltung\/","url":"https:\/\/pivotpartner.dk\/de\/freiberuflicher-leiter-der-buchhaltung\/","name":"Freelance Accounting Manager | Dringender Bedarf an einem Accounting Manager?","isPartOf":{"@id":"https:\/\/pivotpartner.dk\/de\/#website"},"datePublished":"2021-01-29T13:24:45+00:00","dateModified":"2026-02-25T07:24:43+00:00","description":"Holen Sie sich einen freiberuflichen Chefbuchhalter von Pivot Partner | Das Programm wird auf Ihre Bed\u00fcrfnisse zugeschnitten | Kontaktieren Sie uns f\u00fcr ein unverbindliches Angebot f\u00fcr einen freiberuflichen Chefbuchhalter","breadcrumb":{"@id":"https:\/\/pivotpartner.dk\/de\/freiberuflicher-leiter-der-buchhaltung\/#breadcrumb"},"inLanguage":"da-DK","potentialAction":[{"@type":"ReadAction","target":["https:\/\/pivotpartner.dk\/de\/freiberuflicher-leiter-der-buchhaltung\/"]}]},{"@type":"BreadcrumbList","@id":"https:\/\/pivotpartner.dk\/de\/freiberuflicher-leiter-der-buchhaltung\/#breadcrumb","itemListElement":[{"@type":"ListItem","position":1,"name":"Hjem","item":"https:\/\/pivotpartner.dk\/de\/"},{"@type":"ListItem","position":2,"name":"Freiberuflicher Leiter der Buchhaltung"}]},{"@type":"WebSite","@id":"https:\/\/pivotpartner.dk\/de\/#website","url":"https:\/\/pivotpartner.dk\/de\/","name":"PIVOT PARTNER ApS DE","description":"","potentialAction":[{"@type":"SearchAction","target":{"@type":"EntryPoint","urlTemplate":"https:\/\/pivotpartner.dk\/de\/?s={search_term_string}"},"query-input":"required name=search_term_string"}],"inLanguage":"da-DK"}]}},"_links":{"self":[{"href":"https:\/\/pivotpartner.dk\/de\/wp-json\/wp\/v2\/pages\/1244","targetHints":{"allow":["GET"]}}],"collection":[{"href":"https:\/\/pivotpartner.dk\/de\/wp-json\/wp\/v2\/pages"}],"about":[{"href":"https:\/\/pivotpartner.dk\/de\/wp-json\/wp\/v2\/types\/page"}],"author":[{"embeddable":true,"href":"https:\/\/pivotpartner.dk\/de\/wp-json\/wp\/v2\/users\/1"}],"replies":[{"embeddable":true,"href":"https:\/\/pivotpartner.dk\/de\/wp-json\/wp\/v2\/comments?post=1244"}],"version-history":[{"count":10,"href":"https:\/\/pivotpartner.dk\/de\/wp-json\/wp\/v2\/pages\/1244\/revisions"}],"predecessor-version":[{"id":2706,"href":"https:\/\/pivotpartner.dk\/de\/wp-json\/wp\/v2\/pages\/1244\/revisions\/2706"}],"wp:attachment":[{"href":"https:\/\/pivotpartner.dk\/de\/wp-json\/wp\/v2\/media?parent=1244"}],"curies":[{"name":"wp","href":"https:\/\/api.w.org\/{rel}","templated":true}]}}