{"id":1017,"date":"2020-02-24T10:45:09","date_gmt":"2020-02-24T09:45:09","guid":{"rendered":"http:\/\/www.pivotpartner.dk\/?page_id=1017"},"modified":"2026-02-25T09:56:10","modified_gmt":"2026-02-25T08:56:10","slug":"buchhalter-rungsted","status":"publish","type":"page","link":"https:\/\/pivotpartner.dk\/de\/buchhalter-rungsted\/","title":{"rendered":"Buchhalter Rungsted"},"content":{"rendered":"\r\n\r\n\r\n\r\n\r\n\r\n","protected":false},"excerpt":{"rendered":"","protected":false},"author":1,"featured_media":0,"parent":0,"menu_order":0,"comment_status":"closed","ping_status":"closed","template":"","meta":{"editor_notices":[],"footnotes":""},"class_list":["post-1017","page","type-page","status-publish","hentry"],"acf":[],"yoast_head":"\nBuchhalter in der N\u00e4he von Rungsted | Buchhaltung von Pivot Partner<\/title>\n<meta name=\"description\" content=\"Pivot Partner ist Ihr lokaler Buchhalter in Rungsted. Wir l\u00f6sen alle Buchhaltungs- und Bilanzierungsaufgaben f\u00fcr kleine und gro\u00dfe Unternehmen\" \/>\n<meta name=\"robots\" content=\"index, follow, max-snippet:-1, max-image-preview:large, max-video-preview:-1\" \/>\n<link rel=\"canonical\" href=\"https:\/\/pivotpartner.dk\/de\/buchhalter-rungsted\/\" \/>\n<meta property=\"og:locale\" content=\"da_DK\" \/>\n<meta property=\"og:type\" content=\"article\" \/>\n<meta property=\"og:title\" content=\"Buchhalter in der N\u00e4he von Rungsted | Buchhaltung von Pivot Partner\" \/>\n<meta property=\"og:description\" content=\"Pivot Partner ist Ihr lokaler Buchhalter in Rungsted. Wir l\u00f6sen alle Buchhaltungs- und Bilanzierungsaufgaben f\u00fcr kleine und gro\u00dfe Unternehmen\" \/>\n<meta property=\"og:url\" content=\"https:\/\/pivotpartner.dk\/de\/buchhalter-rungsted\/\" \/>\n<meta property=\"og:site_name\" content=\"PIVOT PARTNER ApS DE\" \/>\n<meta property=\"article:modified_time\" content=\"2026-02-25T08:56:10+00:00\" \/>\n<meta name=\"twitter:card\" content=\"summary_large_image\" \/>\n<meta name=\"twitter:label1\" content=\"Estimeret l\u00e6setid\" \/>\n\t<meta name=\"twitter:data1\" content=\"4 minutter\" \/>\n<!-- \/ Yoast SEO plugin. -->","yoast_head_json":{"title":"Buchhalter in der N\u00e4he von Rungsted | Buchhaltung von Pivot Partner","description":"Pivot Partner ist Ihr lokaler Buchhalter in Rungsted. Wir l\u00f6sen alle Buchhaltungs- und Bilanzierungsaufgaben f\u00fcr kleine und gro\u00dfe Unternehmen","robots":{"index":"index","follow":"follow","max-snippet":"max-snippet:-1","max-image-preview":"max-image-preview:large","max-video-preview":"max-video-preview:-1"},"canonical":"https:\/\/pivotpartner.dk\/de\/buchhalter-rungsted\/","og_locale":"da_DK","og_type":"article","og_title":"Buchhalter in der N\u00e4he von Rungsted | Buchhaltung von Pivot Partner","og_description":"Pivot Partner ist Ihr lokaler Buchhalter in Rungsted. Wir l\u00f6sen alle Buchhaltungs- und Bilanzierungsaufgaben f\u00fcr kleine und gro\u00dfe Unternehmen","og_url":"https:\/\/pivotpartner.dk\/de\/buchhalter-rungsted\/","og_site_name":"PIVOT PARTNER ApS DE","article_modified_time":"2026-02-25T08:56:10+00:00","twitter_card":"summary_large_image","twitter_misc":{"Estimeret l\u00e6setid":"4 minutter"},"schema":{"@context":"https:\/\/schema.org","@graph":[{"@type":"WebPage","@id":"https:\/\/pivotpartner.dk\/de\/buchhalter-rungsted\/","url":"https:\/\/pivotpartner.dk\/de\/buchhalter-rungsted\/","name":"Buchhalter in der N\u00e4he von Rungsted | Buchhaltung von Pivot Partner","isPartOf":{"@id":"https:\/\/pivotpartner.dk\/de\/#website"},"datePublished":"2020-02-24T09:45:09+00:00","dateModified":"2026-02-25T08:56:10+00:00","description":"Pivot Partner ist Ihr lokaler Buchhalter in Rungsted. Wir l\u00f6sen alle Buchhaltungs- und Bilanzierungsaufgaben f\u00fcr kleine und gro\u00dfe Unternehmen","breadcrumb":{"@id":"https:\/\/pivotpartner.dk\/de\/buchhalter-rungsted\/#breadcrumb"},"inLanguage":"da-DK","potentialAction":[{"@type":"ReadAction","target":["https:\/\/pivotpartner.dk\/de\/buchhalter-rungsted\/"]}]},{"@type":"BreadcrumbList","@id":"https:\/\/pivotpartner.dk\/de\/buchhalter-rungsted\/#breadcrumb","itemListElement":[{"@type":"ListItem","position":1,"name":"Hjem","item":"https:\/\/pivotpartner.dk\/de\/"},{"@type":"ListItem","position":2,"name":"Buchhalter Rungsted"}]},{"@type":"WebSite","@id":"https:\/\/pivotpartner.dk\/de\/#website","url":"https:\/\/pivotpartner.dk\/de\/","name":"PIVOT PARTNER ApS DE","description":"","potentialAction":[{"@type":"SearchAction","target":{"@type":"EntryPoint","urlTemplate":"https:\/\/pivotpartner.dk\/de\/?s={search_term_string}"},"query-input":"required name=search_term_string"}],"inLanguage":"da-DK"}]}},"_links":{"self":[{"href":"https:\/\/pivotpartner.dk\/de\/wp-json\/wp\/v2\/pages\/1017","targetHints":{"allow":["GET"]}}],"collection":[{"href":"https:\/\/pivotpartner.dk\/de\/wp-json\/wp\/v2\/pages"}],"about":[{"href":"https:\/\/pivotpartner.dk\/de\/wp-json\/wp\/v2\/types\/page"}],"author":[{"embeddable":true,"href":"https:\/\/pivotpartner.dk\/de\/wp-json\/wp\/v2\/users\/1"}],"replies":[{"embeddable":true,"href":"https:\/\/pivotpartner.dk\/de\/wp-json\/wp\/v2\/comments?post=1017"}],"version-history":[{"count":8,"href":"https:\/\/pivotpartner.dk\/de\/wp-json\/wp\/v2\/pages\/1017\/revisions"}],"predecessor-version":[{"id":2748,"href":"https:\/\/pivotpartner.dk\/de\/wp-json\/wp\/v2\/pages\/1017\/revisions\/2748"}],"wp:attachment":[{"href":"https:\/\/pivotpartner.dk\/de\/wp-json\/wp\/v2\/media?parent=1017"}],"curies":[{"name":"wp","href":"https:\/\/api.w.org\/{rel}","templated":true}]}}