{"id":1010,"date":"2020-02-24T10:40:13","date_gmt":"2020-02-24T09:40:13","guid":{"rendered":"http:\/\/www.pivotpartner.dk\/?page_id=1010"},"modified":"2026-02-25T06:47:27","modified_gmt":"2026-02-25T05:47:27","slug":"buchhalter-kvistgaard","status":"publish","type":"page","link":"https:\/\/pivotpartner.dk\/de\/buchhalter-kvistgaard\/","title":{"rendered":"Buchhalter Kvistg\u00e5rd"},"content":{"rendered":"\r\n\r\n\r\n\r\n\r\n\r\n","protected":false},"excerpt":{"rendered":"","protected":false},"author":1,"featured_media":0,"parent":0,"menu_order":0,"comment_status":"closed","ping_status":"closed","template":"","meta":{"editor_notices":[],"footnotes":""},"class_list":["post-1010","page","type-page","status-publish","hentry"],"acf":[],"yoast_head":"<!-- This site is optimized with the Yoast SEO plugin v22.8 - https:\/\/yoast.com\/wordpress\/plugins\/seo\/ -->\n<title>Buchhalter und Buchhaltungsb\u00fcro in der N\u00e4he von Kvistg\u00e5rd | Pivot Partner<\/title>\n<meta name=\"description\" content=\"Bei Pivot Partner in Kvistg\u00e5rd kann Ihr Unternehmen alle buchhalterischen Aufgaben l\u00f6sen. | Wir sind Ihre Garantie f\u00fcr ein gesundes Unternehmen\" \/>\n<meta name=\"robots\" content=\"index, follow, max-snippet:-1, max-image-preview:large, max-video-preview:-1\" \/>\n<link rel=\"canonical\" href=\"https:\/\/pivotpartner.dk\/de\/buchhalter-kvistgaard\/\" \/>\n<meta property=\"og:locale\" content=\"da_DK\" \/>\n<meta property=\"og:type\" content=\"article\" \/>\n<meta property=\"og:title\" content=\"Buchhalter und Buchhaltungsb\u00fcro in der N\u00e4he von Kvistg\u00e5rd | Pivot Partner\" \/>\n<meta property=\"og:description\" content=\"Bei Pivot Partner in Kvistg\u00e5rd kann Ihr Unternehmen alle buchhalterischen Aufgaben l\u00f6sen. | Wir sind Ihre Garantie f\u00fcr ein gesundes Unternehmen\" \/>\n<meta property=\"og:url\" content=\"https:\/\/pivotpartner.dk\/de\/buchhalter-kvistgaard\/\" \/>\n<meta property=\"og:site_name\" content=\"PIVOT PARTNER ApS DE\" \/>\n<meta property=\"article:modified_time\" content=\"2026-02-25T05:47:27+00:00\" \/>\n<meta name=\"twitter:card\" content=\"summary_large_image\" \/>\n<meta name=\"twitter:label1\" content=\"Estimeret l\u00e6setid\" \/>\n\t<meta name=\"twitter:data1\" content=\"4 minutter\" \/>\n<!-- \/ Yoast SEO plugin. -->","yoast_head_json":{"title":"Buchhalter und Buchhaltungsb\u00fcro in der N\u00e4he von Kvistg\u00e5rd | Pivot Partner","description":"Bei Pivot Partner in Kvistg\u00e5rd kann Ihr Unternehmen alle buchhalterischen Aufgaben l\u00f6sen. | Wir sind Ihre Garantie f\u00fcr ein gesundes Unternehmen","robots":{"index":"index","follow":"follow","max-snippet":"max-snippet:-1","max-image-preview":"max-image-preview:large","max-video-preview":"max-video-preview:-1"},"canonical":"https:\/\/pivotpartner.dk\/de\/buchhalter-kvistgaard\/","og_locale":"da_DK","og_type":"article","og_title":"Buchhalter und Buchhaltungsb\u00fcro in der N\u00e4he von Kvistg\u00e5rd | Pivot Partner","og_description":"Bei Pivot Partner in Kvistg\u00e5rd kann Ihr Unternehmen alle buchhalterischen Aufgaben l\u00f6sen. | Wir sind Ihre Garantie f\u00fcr ein gesundes Unternehmen","og_url":"https:\/\/pivotpartner.dk\/de\/buchhalter-kvistgaard\/","og_site_name":"PIVOT PARTNER ApS DE","article_modified_time":"2026-02-25T05:47:27+00:00","twitter_card":"summary_large_image","twitter_misc":{"Estimeret l\u00e6setid":"4 minutter"},"schema":{"@context":"https:\/\/schema.org","@graph":[{"@type":"WebPage","@id":"https:\/\/pivotpartner.dk\/de\/buchhalter-kvistgaard\/","url":"https:\/\/pivotpartner.dk\/de\/buchhalter-kvistgaard\/","name":"Buchhalter und Buchhaltungsb\u00fcro in der N\u00e4he von Kvistg\u00e5rd | Pivot Partner","isPartOf":{"@id":"https:\/\/pivotpartner.dk\/de\/#website"},"datePublished":"2020-02-24T09:40:13+00:00","dateModified":"2026-02-25T05:47:27+00:00","description":"Bei Pivot Partner in Kvistg\u00e5rd kann Ihr Unternehmen alle buchhalterischen Aufgaben l\u00f6sen. | Wir sind Ihre Garantie f\u00fcr ein gesundes Unternehmen","breadcrumb":{"@id":"https:\/\/pivotpartner.dk\/de\/buchhalter-kvistgaard\/#breadcrumb"},"inLanguage":"da-DK","potentialAction":[{"@type":"ReadAction","target":["https:\/\/pivotpartner.dk\/de\/buchhalter-kvistgaard\/"]}]},{"@type":"BreadcrumbList","@id":"https:\/\/pivotpartner.dk\/de\/buchhalter-kvistgaard\/#breadcrumb","itemListElement":[{"@type":"ListItem","position":1,"name":"Hjem","item":"https:\/\/pivotpartner.dk\/de\/"},{"@type":"ListItem","position":2,"name":"Buchhalter Kvistg\u00e5rd"}]},{"@type":"WebSite","@id":"https:\/\/pivotpartner.dk\/de\/#website","url":"https:\/\/pivotpartner.dk\/de\/","name":"PIVOT PARTNER ApS DE","description":"","potentialAction":[{"@type":"SearchAction","target":{"@type":"EntryPoint","urlTemplate":"https:\/\/pivotpartner.dk\/de\/?s={search_term_string}"},"query-input":"required name=search_term_string"}],"inLanguage":"da-DK"}]}},"_links":{"self":[{"href":"https:\/\/pivotpartner.dk\/de\/wp-json\/wp\/v2\/pages\/1010","targetHints":{"allow":["GET"]}}],"collection":[{"href":"https:\/\/pivotpartner.dk\/de\/wp-json\/wp\/v2\/pages"}],"about":[{"href":"https:\/\/pivotpartner.dk\/de\/wp-json\/wp\/v2\/types\/page"}],"author":[{"embeddable":true,"href":"https:\/\/pivotpartner.dk\/de\/wp-json\/wp\/v2\/users\/1"}],"replies":[{"embeddable":true,"href":"https:\/\/pivotpartner.dk\/de\/wp-json\/wp\/v2\/comments?post=1010"}],"version-history":[{"count":8,"href":"https:\/\/pivotpartner.dk\/de\/wp-json\/wp\/v2\/pages\/1010\/revisions"}],"predecessor-version":[{"id":2636,"href":"https:\/\/pivotpartner.dk\/de\/wp-json\/wp\/v2\/pages\/1010\/revisions\/2636"}],"wp:attachment":[{"href":"https:\/\/pivotpartner.dk\/de\/wp-json\/wp\/v2\/media?parent=1010"}],"curies":[{"name":"wp","href":"https:\/\/api.w.org\/{rel}","templated":true}]}}